{"id":109,"date":"2011-10-01T20:01:19","date_gmt":"2011-10-01T23:01:19","guid":{"rendered":"http:\/\/www.portaldoeletrodomesticos.com.br\/redesocial\/?page_id=109"},"modified":"2011-10-01T20:03:21","modified_gmt":"2011-10-01T23:03:21","slug":"politica-de-privacidade","status":"publish","type":"page","link":"http:\/\/www.portaldoeletrodomestico.com.br\/redesocial\/politica-de-privacidade","title":{"rendered":"Pol\u00edtica de Privacidade"},"content":{"rendered":"<p>&#8220;Este site pode utilizar cookies e\/ou web beacons quando um usu\u00e1rio tem acesso \u00e0s p\u00e1ginas. Os cookies que podem ser utilizados associam-se (se for o caso) unicamente com o navegador de um determinado computador.<\/p>\n<p>Os cookies que s\u00e3o utilizados neste site podem ser instalados pelo mesmo, os quais s\u00e3o originados dos distintos servidores operados por este, ou a partir dos servidores de terceiros que prestam servi\u00e7os e instalam cookies e\/ou web beacons (por exemplo, os cookies que s\u00e3o empregados para prover servi\u00e7os de publicidade ou certos conte\u00fados atrav\u00e9s dos quais o usu\u00e1rio visualiza a publicidade ou conte\u00fados em tempo pr\u00e9 determinados).<\/p>\n<p>O usu\u00e1rio poder\u00e1 pesquisar o disco r\u00edgido de seu computador conforme instru\u00e7\u00f5es do pr\u00f3prio navegador. O Google, como fornecedor de terceiros, utiliza cookies para exibir an\u00fancios neste site.<\/p>\n<p>Com o cookie DART, o Google pode exibir an \u00fancios para seus usu\u00e1rios com base nas visitas feitas a este site.<\/p>\n<p>Voc\u00ea pode desativar o cookie DART visitando a Pol\u00edtica de privacidade da rede de conte\u00fado e dos an\u00fancios do Google.<\/p>\n<p>Usu\u00e1rio tem a possibilidade de configurar seu navegador para ser avisado, na tela do computador, sobre a recep\u00e7\u00e3o dos cookies e para impedir a sua instala\u00e7\u00e3o no disco r\u00edgido. As informa\u00e7\u00f5es pertinentes a esta configura\u00e7\u00e3o est\u00e3o dispon\u00edveis em instru\u00e7\u00f5es e manuais do pr\u00f3prio navegador&#8221;. <\/p>\n<p>Este site respeita e procura responder todos os e-mails enviados.<\/p>\n<p>Ap\u00f3s a leitura este site apaga todos os endere\u00e7os de e-mail enviados.<\/p>\n<p>Este site afirma que n\u00e3o utiliza e-mails para pol\u00edticas de Spam ou de envio de e-mails indesejados.<\/p>\n<p>Este site n\u00e3o se responsabiliza pelo conte\u00fado, promessas e veracidade de informa\u00e7\u00f5es dos banners colocados pelos seus patrocinadores. Toda a responsabilidade \u00e9 dos anunciantes.<\/p>\n","protected":false},"excerpt":{"rendered":"<p>&#8220;Este site pode utilizar cookies e\/ou web beacons quando um usu\u00e1rio tem acesso \u00e0s p\u00e1ginas. Os cookies que podem ser utilizados associam-se (se for o caso) unicamente com o navegador de um determinado computador. Os cookies que s\u00e3o utilizados neste site podem ser instalados pelo mesmo, os quais s\u00e3o originados dos distintos servidores operados por [&hellip;]<\/p>\n","protected":false},"author":1,"featured_media":0,"parent":0,"menu_order":0,"comment_status":"open","ping_status":"open","template":"","meta":{"footnotes":""},"class_list":["post-109","page","type-page","status-publish","hentry"],"yoast_head":"<!-- This site is optimized with the Yoast SEO plugin v27.2 - https:\/\/yoast.com\/product\/yoast-seo-wordpress\/ -->\n<title>Pol\u00edtica de Privacidade - Rede Social do Portal do Eletrodom\u00e9stico<\/title>\n<meta name=\"robots\" content=\"index, follow, max-snippet:-1, max-image-preview:large, max-video-preview:-1\" \/>\n<link rel=\"canonical\" href=\"http:\/\/www.portaldoeletrodomestico.com.br\/redesocial\/politica-de-privacidade\" \/>\n<meta property=\"og:locale\" content=\"pt_BR\" \/>\n<meta property=\"og:type\" content=\"article\" \/>\n<meta property=\"og:title\" content=\"Pol\u00edtica de Privacidade - Rede Social do Portal do Eletrodom\u00e9stico\" \/>\n<meta property=\"og:description\" content=\"&#8220;Este site pode utilizar cookies e\/ou web beacons quando um usu\u00e1rio tem acesso \u00e0s p\u00e1ginas. Os cookies que podem ser utilizados associam-se (se for o caso) unicamente com o navegador de um determinado computador. Os cookies que s\u00e3o utilizados neste site podem ser instalados pelo mesmo, os quais s\u00e3o originados dos distintos servidores operados por [&hellip;]\" \/>\n<meta property=\"og:url\" content=\"http:\/\/www.portaldoeletrodomestico.com.br\/redesocial\/politica-de-privacidade\" \/>\n<meta property=\"og:site_name\" content=\"Rede Social do Portal do Eletrodom\u00e9stico\" \/>\n<meta property=\"article:modified_time\" content=\"2011-10-01T23:03:21+00:00\" \/>\n<meta name=\"twitter:card\" content=\"summary_large_image\" \/>\n<meta name=\"twitter:label1\" content=\"Est. tempo de leitura\" \/>\n\t<meta name=\"twitter:data1\" content=\"2 minutos\" \/>\n<script type=\"application\/ld+json\" class=\"yoast-schema-graph\">{\"@context\":\"https:\/\/schema.org\",\"@graph\":[{\"@type\":\"WebPage\",\"@id\":\"http:\/\/www.portaldoeletrodomestico.com.br\/redesocial\/politica-de-privacidade\",\"url\":\"http:\/\/www.portaldoeletrodomestico.com.br\/redesocial\/politica-de-privacidade\",\"name\":\"Pol\u00edtica de Privacidade - Rede Social do Portal do Eletrodom\u00e9stico\",\"isPartOf\":{\"@id\":\"http:\/\/www.portaldoeletrodomestico.com.br\/redesocial\/#website\"},\"datePublished\":\"2011-10-01T23:01:19+00:00\",\"dateModified\":\"2011-10-01T23:03:21+00:00\",\"breadcrumb\":{\"@id\":\"http:\/\/www.portaldoeletrodomestico.com.br\/redesocial\/politica-de-privacidade#breadcrumb\"},\"inLanguage\":\"pt-BR\",\"potentialAction\":[{\"@type\":\"ReadAction\",\"target\":[\"http:\/\/www.portaldoeletrodomestico.com.br\/redesocial\/politica-de-privacidade\"]}]},{\"@type\":\"BreadcrumbList\",\"@id\":\"http:\/\/www.portaldoeletrodomestico.com.br\/redesocial\/politica-de-privacidade#breadcrumb\",\"itemListElement\":[{\"@type\":\"ListItem\",\"position\":1,\"name\":\"In\u00edcio\",\"item\":\"http:\/\/www.portaldoeletrodomestico.com.br\/redesocial\"},{\"@type\":\"ListItem\",\"position\":2,\"name\":\"Pol\u00edtica de Privacidade\"}]},{\"@type\":\"WebSite\",\"@id\":\"http:\/\/www.portaldoeletrodomestico.com.br\/redesocial\/#website\",\"url\":\"http:\/\/www.portaldoeletrodomestico.com.br\/redesocial\/\",\"name\":\"Rede Social do Portal do Eletrodom\u00e9stico\",\"description\":\"\",\"potentialAction\":[{\"@type\":\"SearchAction\",\"target\":{\"@type\":\"EntryPoint\",\"urlTemplate\":\"http:\/\/www.portaldoeletrodomestico.com.br\/redesocial\/?s={search_term_string}\"},\"query-input\":{\"@type\":\"PropertyValueSpecification\",\"valueRequired\":true,\"valueName\":\"search_term_string\"}}],\"inLanguage\":\"pt-BR\"}]}<\/script>\n<!-- \/ Yoast SEO plugin. -->","yoast_head_json":{"title":"Pol\u00edtica de Privacidade - Rede Social do Portal do Eletrodom\u00e9stico","robots":{"index":"index","follow":"follow","max-snippet":"max-snippet:-1","max-image-preview":"max-image-preview:large","max-video-preview":"max-video-preview:-1"},"canonical":"http:\/\/www.portaldoeletrodomestico.com.br\/redesocial\/politica-de-privacidade","og_locale":"pt_BR","og_type":"article","og_title":"Pol\u00edtica de Privacidade - Rede Social do Portal do Eletrodom\u00e9stico","og_description":"&#8220;Este site pode utilizar cookies e\/ou web beacons quando um usu\u00e1rio tem acesso \u00e0s p\u00e1ginas. Os cookies que podem ser utilizados associam-se (se for o caso) unicamente com o navegador de um determinado computador. Os cookies que s\u00e3o utilizados neste site podem ser instalados pelo mesmo, os quais s\u00e3o originados dos distintos servidores operados por [&hellip;]","og_url":"http:\/\/www.portaldoeletrodomestico.com.br\/redesocial\/politica-de-privacidade","og_site_name":"Rede Social do Portal do Eletrodom\u00e9stico","article_modified_time":"2011-10-01T23:03:21+00:00","twitter_card":"summary_large_image","twitter_misc":{"Est. tempo de leitura":"2 minutos"},"schema":{"@context":"https:\/\/schema.org","@graph":[{"@type":"WebPage","@id":"http:\/\/www.portaldoeletrodomestico.com.br\/redesocial\/politica-de-privacidade","url":"http:\/\/www.portaldoeletrodomestico.com.br\/redesocial\/politica-de-privacidade","name":"Pol\u00edtica de Privacidade - Rede Social do Portal do Eletrodom\u00e9stico","isPartOf":{"@id":"http:\/\/www.portaldoeletrodomestico.com.br\/redesocial\/#website"},"datePublished":"2011-10-01T23:01:19+00:00","dateModified":"2011-10-01T23:03:21+00:00","breadcrumb":{"@id":"http:\/\/www.portaldoeletrodomestico.com.br\/redesocial\/politica-de-privacidade#breadcrumb"},"inLanguage":"pt-BR","potentialAction":[{"@type":"ReadAction","target":["http:\/\/www.portaldoeletrodomestico.com.br\/redesocial\/politica-de-privacidade"]}]},{"@type":"BreadcrumbList","@id":"http:\/\/www.portaldoeletrodomestico.com.br\/redesocial\/politica-de-privacidade#breadcrumb","itemListElement":[{"@type":"ListItem","position":1,"name":"In\u00edcio","item":"http:\/\/www.portaldoeletrodomestico.com.br\/redesocial"},{"@type":"ListItem","position":2,"name":"Pol\u00edtica de Privacidade"}]},{"@type":"WebSite","@id":"http:\/\/www.portaldoeletrodomestico.com.br\/redesocial\/#website","url":"http:\/\/www.portaldoeletrodomestico.com.br\/redesocial\/","name":"Rede Social do Portal do Eletrodom\u00e9stico","description":"","potentialAction":[{"@type":"SearchAction","target":{"@type":"EntryPoint","urlTemplate":"http:\/\/www.portaldoeletrodomestico.com.br\/redesocial\/?s={search_term_string}"},"query-input":{"@type":"PropertyValueSpecification","valueRequired":true,"valueName":"search_term_string"}}],"inLanguage":"pt-BR"}]}},"_links":{"self":[{"href":"http:\/\/www.portaldoeletrodomestico.com.br\/redesocial\/wp-json\/wp\/v2\/pages\/109","targetHints":{"allow":["GET"]}}],"collection":[{"href":"http:\/\/www.portaldoeletrodomestico.com.br\/redesocial\/wp-json\/wp\/v2\/pages"}],"about":[{"href":"http:\/\/www.portaldoeletrodomestico.com.br\/redesocial\/wp-json\/wp\/v2\/types\/page"}],"author":[{"embeddable":true,"href":"http:\/\/www.portaldoeletrodomestico.com.br\/redesocial\/wp-json\/wp\/v2\/users\/1"}],"replies":[{"embeddable":true,"href":"http:\/\/www.portaldoeletrodomestico.com.br\/redesocial\/wp-json\/wp\/v2\/comments?post=109"}],"version-history":[{"count":0,"href":"http:\/\/www.portaldoeletrodomestico.com.br\/redesocial\/wp-json\/wp\/v2\/pages\/109\/revisions"}],"wp:attachment":[{"href":"http:\/\/www.portaldoeletrodomestico.com.br\/redesocial\/wp-json\/wp\/v2\/media?parent=109"}],"curies":[{"name":"wp","href":"https:\/\/api.w.org\/{rel}","templated":true}]}}